{"id":14,"date":"2019-04-10T10:32:21","date_gmt":"2019-04-10T10:32:21","guid":{"rendered":"http:\/\/www.masronava.sk\/?page_id=14"},"modified":"2024-03-22T12:15:59","modified_gmt":"2024-03-22T12:15:59","slug":"dokumenty","status":"publish","type":"page","link":"https:\/\/www.masronava.sk\/index.php\/dokumenty\/","title":{"rendered":"Dokumenty"},"content":{"rendered":"<ul>\n<li><a href=\"https:\/\/www.masronava.sk\/wp-content\/uploads\/2019\/04\/r_zero_zmluva.pdf\">K\u00fapna zmluva Zero Ko\u0161ice spol. s r.o.<\/a><\/li>\n<li><a href=\"https:\/\/www.masronava.sk\/wp-content\/uploads\/2019\/05\/PP19_2.pdf\">Strat\u00e9gia miestneho rozvoja veden\u00e9ho komunitou \u201eMiestna ak\u010dn\u00e1 skupina RO\u0147AVA\u201c<\/a><\/li>\n<li><a href=\"https:\/\/www.masronava.sk\/wp-content\/uploads\/2019\/05\/PP19_4.pdf\">Anima\u010dn\u00e9 n\u00e1klady MAS RO\u0147AVA, o.z.<\/a><\/li>\n<li><a href=\"https:\/\/www.masronava.sk\/wp-content\/uploads\/2019\/05\/PP511_512.pdf\">Financovanie implement\u00e1cie strat\u00e9gie CLLD MAS RO\u0147AVA, o.z.<\/a><\/li>\n<li><a href=\"https:\/\/www.masronava.sk\/wp-content\/uploads\/2021\/03\/PP511.pdf\">Financovanie prev\u00e1dzkov\u00fdch n\u00e1kladov MAS RO\u0147AVA, o.z.<\/a><\/li>\n<li><a href=\"https:\/\/www.masronava.sk\/wp-content\/uploads\/2024\/03\/PP-19_4.pdf\">Podpora na prev\u00e1dzkov\u00e9 n\u00e1klady a o\u017eivenie<\/a><\/li>\n<\/ul>\n\n\n<p><\/p>\n","protected":false},"excerpt":{"rendered":"<p>K\u00fapna zmluva Zero Ko\u0161ice spol. s r.o. Strat\u00e9gia miestneho rozvoja veden\u00e9ho komunitou \u201eMiestna ak\u010dn\u00e1 skupina RO\u0147AVA\u201c Anima\u010dn\u00e9 n\u00e1klady MAS RO\u0147AVA, o.z. Financovanie implement\u00e1cie strat\u00e9gie CLLD MAS RO\u0147AVA, o.z. Financovanie prev\u00e1dzkov\u00fdch n\u00e1kladov MAS RO\u0147AVA, o.z. Podpora na prev\u00e1dzkov\u00e9 n\u00e1klady a o\u017eivenie<\/p>\n","protected":false},"author":1,"featured_media":0,"parent":0,"menu_order":0,"comment_status":"closed","ping_status":"closed","template":"","meta":{"footnotes":""},"class_list":["post-14","page","type-page","status-publish","hentry"],"_links":{"self":[{"href":"https:\/\/www.masronava.sk\/index.php\/wp-json\/wp\/v2\/pages\/14","targetHints":{"allow":["GET"]}}],"collection":[{"href":"https:\/\/www.masronava.sk\/index.php\/wp-json\/wp\/v2\/pages"}],"about":[{"href":"https:\/\/www.masronava.sk\/index.php\/wp-json\/wp\/v2\/types\/page"}],"author":[{"embeddable":true,"href":"https:\/\/www.masronava.sk\/index.php\/wp-json\/wp\/v2\/users\/1"}],"replies":[{"embeddable":true,"href":"https:\/\/www.masronava.sk\/index.php\/wp-json\/wp\/v2\/comments?post=14"}],"version-history":[{"count":10,"href":"https:\/\/www.masronava.sk\/index.php\/wp-json\/wp\/v2\/pages\/14\/revisions"}],"predecessor-version":[{"id":427,"href":"https:\/\/www.masronava.sk\/index.php\/wp-json\/wp\/v2\/pages\/14\/revisions\/427"}],"wp:attachment":[{"href":"https:\/\/www.masronava.sk\/index.php\/wp-json\/wp\/v2\/media?parent=14"}],"curies":[{"name":"wp","href":"https:\/\/api.w.org\/{rel}","templated":true}]}}