{"id":10,"date":"2019-04-10T10:31:48","date_gmt":"2019-04-10T10:31:48","guid":{"rendered":"http:\/\/www.masronava.sk\/?page_id=10"},"modified":"2025-09-22T10:07:02","modified_gmt":"2025-09-22T10:07:02","slug":"aktuality","status":"publish","type":"page","link":"https:\/\/www.masronava.sk\/index.php\/aktuality\/","title":{"rendered":"Aktuality"},"content":{"rendered":"<p style=\"text-align: justify;\">Aktivita: <strong>PR\u00cdKLADY DOBREJ PRAXE<\/strong><br \/>\nMiesto konania: Obec Zempl\u00ednska Nov\u00e1 Ves<br \/>\nD\u00e1tum konania: 19.09.2025<br \/>\n<a href=\"https:\/\/www.masronava.sk\/wp-content\/uploads\/2025\/09\/Pozvanka_akt_4_2025_19_09_2025.pdf\">Pozv\u00e1nka na stiahnutie<\/a><\/p>\n<p>Aktivita: <strong>DE\u0147 OTVOREN\u00ddCH DVER\u00cd MAS<\/strong><br \/>\nMiesto konania: Zasadacia miestnos\u0165 v priestore obecn\u00e9ho \u00faradu Zempl\u00ednska Nov\u00e1 Ves, Hlavn\u00e1 182\/51, 076 16 Zempl\u00ednska Nov\u00e1 Ves<br \/>\nD\u00e1tum konania: 19.09.2025<br \/>\n<a href=\"https:\/\/www.masronava.sk\/wp-content\/uploads\/2025\/09\/Pozvanka_akt_5_2025_19_09_2025.pdf\">Pozv\u00e1nka na stiahnutie<\/a><\/p>\n<p style=\"text-align: justify;\">Aktivita: <strong>Informa\u010dn\u00fd semin\u00e1r zameran\u00fd na poskytovanie inform\u00e1ci\u00ed a zru\u010dnost\u00ed pri pr\u00edprave \u017eiadost\u00ed (Podopatrenie 7.2)<\/strong><br \/>\nMiesto konania: Zasadacia miestnos\u0165 v priestore obecn\u00e9ho \u00faradu \u010ce\u013eovce, Hlavn\u00e1 72\/49, 076 17 \u010ce\u013eovce<br \/>\nD\u00e1tum konania: 28.03.2025<br \/>\n<a href=\"https:\/\/www.masronava.sk\/wp-content\/uploads\/2025\/04\/Pozvanka_aktivita-1_2025-28_3_2025.pdf\">Pozv\u00e1nka na stiahnutie<\/a><\/p>\n<p style=\"text-align: justify;\">Aktivita: <strong>PR\u00cdKLADY DOBREJ PRAXE<\/strong><br \/>\nMiesto konania: Obec \u010ce\u013eovce<br \/>\nD\u00e1tum konania: 28.03.2025<br \/>\n<a href=\"https:\/\/www.masronava.sk\/wp-content\/uploads\/2025\/04\/Pozvanka_aktivita-2_2025-28_3_2025.pdf\">Pozv\u00e1nka na stiahnutie<\/a><\/p>\n<p style=\"text-align: justify;\">Aktivita: <strong>Informa\u010dn\u00fd semin\u00e1r zameran\u00fd na poskytovanie inform\u00e1ci\u00ed a zru\u010dnost\u00ed pri pr\u00edprave \u017eiadost\u00ed (Podopatrenie 7.4)<\/strong><br \/>\nMiesto konania: Zasadacia miestnos\u0165 v priestore obecn\u00e9ho \u00faradu \u010ce\u013eovce, Hlavn\u00e1 72\/49, 076 17 \u010ce\u013eovce<br \/>\nD\u00e1tum konania: 28.03.2025<br \/>\n<a href=\"https:\/\/www.masronava.sk\/wp-content\/uploads\/2025\/04\/Pozvanka_aktivita-3_2025-28_3_2025.pdf\">Pozv\u00e1nka na stiahnutie<\/a><\/p>\n<p>Aktivita: <strong>PR\u00cdKLADY DOBREJ PRAXE<\/strong><br \/>\nMiesto konania: Obec Lastovce<br \/>\nD\u00e1tum konania: 25.09.2024<br \/>\n<a href=\"https:\/\/www.masronava.sk\/wp-content\/uploads\/2024\/10\/Pozvanka_aktivita_4_2024_25_9_24.pdf\">Pozv\u00e1nka na stiahnutie<\/a><\/p>\n<p>Aktivita: <strong>DE\u0147 OTVOREN\u00ddCH DVER\u00cd MAS<\/strong><br \/>\nMiesto konania: Zasadacia miestnos\u0165 v priestore obecn\u00e9ho \u00faradu Lastovce, Hlavn\u00e1 306, 076 14 Lastovce<br \/>\nD\u00e1tum konania: 25.09.2024<br \/>\n<a href=\"https:\/\/www.masronava.sk\/wp-content\/uploads\/2024\/10\/Pozvanka_aktivita_5_2024_25_9_24.pdf\">Pozv\u00e1nka na stiahnutie<\/a><\/p>\n<p>Aktivita: <strong>Informa\u010dn\u00fd semin\u00e1r zameran\u00fd na poskytovanie inform\u00e1ci\u00ed a zru\u010dnost\u00ed pri pr\u00edprave \u017eiadost\u00ed<\/strong><br \/>\nMiesto konania: Kult\u00farny dom v obci Ve\u013eaty, 076 15 Ve\u013eaty<br \/>\nD\u00e1tum konania: 03.10.2023<br \/>\n<a href=\"https:\/\/www.masronava.sk\/wp-content\/uploads\/2024\/03\/Pozvanka-aktivita-1_2023-3_10_2023.pdf\">Pozv\u00e1nka na stiahnutie<\/a><\/p>\n<p>Aktivita: <strong>PR\u00cdKLADY DOBREJ PRAXE<\/strong><br \/>\nMiesto konania: Obec Zempl\u00ednska Nov\u00e1 Ves<br \/>\nD\u00e1tum konania: 09.11.2023<br \/>\n<a href=\"https:\/\/www.masronava.sk\/wp-content\/uploads\/2024\/03\/Pozvanka-aktivita-2_2023-9_11_2023.pdf\">Pozv\u00e1nka na stiahnutie<\/a><\/p>\n<p>Aktivita: <strong>Informa\u010dn\u00fd semin\u00e1r zameran\u00fd na poskytovanie inform\u00e1ci\u00ed a zru\u010dnost\u00ed pri pr\u00edprave \u017eiadost\u00ed<\/strong> (Podopatrenie 7.2)<br \/>\nMiesto konania: Aqua Maria Ve\u013eaty, Hlavn\u00e1 252\/36, 076 15 Ve\u013eaty<br \/>\nD\u00e1tum konania: 26.01.2024<br \/>\n<a href=\"https:\/\/www.masronava.sk\/wp-content\/uploads\/2024\/03\/Pozvanka-aktivita-1_2024-26_1_2024.pdf\">Pozv\u00e1nka na stiahnutie<\/a><\/p>\n<p>Aktivita: <strong>PR\u00cdKLADY DOBREJ PRAXE<\/strong><br \/>\nMiesto konania: Obec Ve\u013eaty<br \/>\nD\u00e1tum konania: 26.01.2024<br \/>\n<a href=\"https:\/\/www.masronava.sk\/wp-content\/uploads\/2024\/03\/Pozvanka-aktivita-2_2024-26_1_2024.pdf\">Pozv\u00e1nka na stiahnutie<\/a><\/p>\n<p>Aktivita: <strong>Informa\u010dn\u00fd semin\u00e1r zameran\u00fd na poskytovanie inform\u00e1ci\u00ed a zru\u010dnost\u00ed pri pr\u00edprave \u017eiadost\u00ed<\/strong> (Podopatrenie 7.4)<br \/>\nMiesto konania: Aqua Maria Ve\u013eaty, Hlavn\u00e1 252\/36, 076 15 Ve\u013eaty<br \/>\nD\u00e1tum konania: 26.01.2024<br \/>\n<a href=\"https:\/\/www.masronava.sk\/wp-content\/uploads\/2024\/03\/Pozvanka-aktivita-3_2024-26_1_2024.pdf\">Pozv\u00e1nka na stiahnutie<\/a><\/p>\n<hr \/>\n<p style=\"text-align: justify;\">Aktualizovan\u00e9 pr\u00edlohy V\u00fdzvy na predkladanie \u017doPr.<\/p>\n<p style=\"text-align: justify;\">Dovo\u013eujeme si V\u00e1s informova\u0165, \u017ee boli aktualizovan\u00e9 nasledovn\u00e9 pr\u00edlohy V\u00fdziev na predkladanie \u017doPr.:<\/p>\n<ul>\n<li style=\"text-align: justify;\">\u201e<strong>Finan\u010dn\u00e1 anal\u00fdza<\/strong>\u201c \u2013 tabu\u013eka Finan\u010dnej anal\u00fdzy je roz\u0161\u00edren\u00e1 tak, aby umo\u017e\u0148ovala zad\u00e1va\u0165 hodnoty pri majetku, ktor\u00fd je odpisovan\u00fd 40 rokov<\/li>\n<li style=\"text-align: justify;\">\u201e<strong>Ukazovatele hodnotenia finan\u010dnej situ\u00e1cie&#8220;<\/strong> &#8211; \u00faprava zoh\u013ead\u0148uje situ\u00e1cie, kedy \u017eiadate\u013e vykazuje v niektor\u00fdch polo\u017ek\u00e1ch nulov\u00e9 hodnoty, \u010do sp\u00f4sobovalo, \u017ee v tabu\u013eke sa vykazovalo delenie nulou a index ako tak\u00fd nebol vyhodnoten\u00fd<\/li>\n<\/ul>\n<hr \/>\n<p style=\"text-align: justify;\">Dovo\u013eujeme si V\u00e1s informova\u0165 o Usmernen\u00ed P\u00f4dohospod\u00e1rskej platobnej agent\u00fary pre Miestne ak\u010dn\u00e9 skupiny v s\u00favislosti s mimoriadnou situ\u00e1ciou sp\u00f4sobenou pand\u00e9miou COVID-19.<\/p>\n<ul style=\"text-align: justify;\">\n<li>Pred\u013a\u017eenie niektor\u00fdch leh\u00f4t s\u00favisiacich s administrovan\u00edm \u017eiadost\u00ed a zml\u00fav o poskytnut\u00ed NFP.<\/li>\n<li>Pred\u013a\u017eenie niektor\u00fdch leh\u00f4t a \u010fal\u0161ie odpor\u00fa\u010dania pre MAS.<\/li>\n<li>\u00dapravu niektor\u00fdch povinnost\u00ed s\u00favisiacich s obstar\u00e1van\u00edm tovarov, slu\u017eieb a pr\u00e1c.<\/li>\n<\/ul>\n<p style=\"text-align: justify;\">V s\u00favislosti s mimoriadnou situ\u00e1ciou sp\u00f4sobenou pand\u00e9miou Covid &#8211; 19 PPA vyd\u00e1va <span style=\"text-decoration: underline;\"><strong><a href=\"https:\/\/www.masronava.sk\/wp-content\/uploads\/2020\/04\/usmernenie_covid-19.pdf\">usmernenie pre MAS<\/a><\/strong><\/span>, ktor\u00fdm zav\u00e1dza zmier\u0148uj\u00face opatrenie pre implement\u00e1ciu programu.<\/p>\n","protected":false},"excerpt":{"rendered":"<p>Aktivita: PR\u00cdKLADY DOBREJ PRAXE Miesto konania: Obec Zempl\u00ednska Nov\u00e1 Ves D\u00e1tum konania: 19.09.2025 Pozv\u00e1nka na stiahnutie Aktivita: DE\u0147 OTVOREN\u00ddCH DVER\u00cd MAS Miesto konania: Zasadacia miestnos\u0165 v priestore obecn\u00e9ho \u00faradu Zempl\u00ednska Nov\u00e1 Ves, Hlavn\u00e1 182\/51, 076 16 Zempl\u00ednska Nov\u00e1 Ves D\u00e1tum konania: 19.09.2025 Pozv\u00e1nka na stiahnutie Aktivita: Informa\u010dn\u00fd semin\u00e1r zameran\u00fd na poskytovanie inform\u00e1ci\u00ed a zru\u010dnost\u00ed pri&hellip;<\/p>\n<p class=\"more-link\"><a href=\"https:\/\/www.masronava.sk\/index.php\/aktuality\/\" class=\"themebutton\">Read More<\/a><\/p>\n","protected":false},"author":1,"featured_media":0,"parent":0,"menu_order":0,"comment_status":"closed","ping_status":"closed","template":"","meta":{"footnotes":""},"class_list":["post-10","page","type-page","status-publish","hentry"],"_links":{"self":[{"href":"https:\/\/www.masronava.sk\/index.php\/wp-json\/wp\/v2\/pages\/10","targetHints":{"allow":["GET"]}}],"collection":[{"href":"https:\/\/www.masronava.sk\/index.php\/wp-json\/wp\/v2\/pages"}],"about":[{"href":"https:\/\/www.masronava.sk\/index.php\/wp-json\/wp\/v2\/types\/page"}],"author":[{"embeddable":true,"href":"https:\/\/www.masronava.sk\/index.php\/wp-json\/wp\/v2\/users\/1"}],"replies":[{"embeddable":true,"href":"https:\/\/www.masronava.sk\/index.php\/wp-json\/wp\/v2\/comments?post=10"}],"version-history":[{"count":11,"href":"https:\/\/www.masronava.sk\/index.php\/wp-json\/wp\/v2\/pages\/10\/revisions"}],"predecessor-version":[{"id":509,"href":"https:\/\/www.masronava.sk\/index.php\/wp-json\/wp\/v2\/pages\/10\/revisions\/509"}],"wp:attachment":[{"href":"https:\/\/www.masronava.sk\/index.php\/wp-json\/wp\/v2\/media?parent=10"}],"curies":[{"name":"wp","href":"https:\/\/api.w.org\/{rel}","templated":true}]}}